{"id":1594,"date":"2018-03-29T10:43:50","date_gmt":"2018-03-29T08:43:50","guid":{"rendered":"https:\/\/www.lfdl.it\/nuovo\/?page_id=1594"},"modified":"2019-05-14T16:20:46","modified_gmt":"2019-05-14T14:20:46","slug":"the-company","status":"publish","type":"page","link":"https:\/\/www.lfdl.it\/en\/the-company\/","title":{"rendered":"The Company"},"content":{"rendered":"<div id=\"pl-1594\"  class=\"panel-layout\" ><div id=\"pg-1594-0\"  class=\"panel-grid panel-has-style\" ><div class=\"relative full panel-row-style panel-row-style-for-1594-0\" ><div id=\"pgc-1594-0-0\"  class=\"panel-grid-cell\" ><div class=\"parallax-container block-opacity panel-cell-style panel-cell-style-for-1594-0-0\" ><div id=\"panel-1594-0-0-0\" class=\"so-panel widget widget_sow-editor panel-first-child panel-last-child\" data-index=\"0\" ><div class=\"center panel-widget-style panel-widget-style-for-1594-0-0-0\" ><div\n\t\t\t\n\t\t\tclass=\"so-widget-sow-editor so-widget-sow-editor-base\"\n\t\t\t\n\t\t>\n<div class=\"siteorigin-widget-tinymce textwidget\">\n\t<h3><span style=\"color: #ffffff\">THE COMPANY<\/span><\/h3>\n<\/div>\n<\/div><\/div><\/div><\/div><\/div><\/div><\/div><div id=\"pg-1594-1\"  class=\"panel-grid panel-has-style\" ><div class=\"relative about-us panel-row-style panel-row-style-for-1594-1\" ><div id=\"pgc-1594-1-0\"  class=\"panel-grid-cell\" ><div class=\"relative panel-cell-style panel-cell-style-for-1594-1-0\" ><div id=\"panel-1594-1-0-0\" class=\"so-panel widget widget_sow-editor panel-first-child panel-last-child\" data-index=\"1\" ><div class=\"center_vertical panel-widget-style panel-widget-style-for-1594-1-0-0\" ><div\n\t\t\t\n\t\t\tclass=\"so-widget-sow-editor so-widget-sow-editor-base\"\n\t\t\t\n\t\t>\n<div class=\"siteorigin-widget-tinymce textwidget\">\n\t<h4 class=\"title_underline\">History<\/h4>\n<p>Time inside the Fabbrica goes to the rhythm of craftsmanship, passion for well-made things, and that all-Italian competence for the textile sector. The company's history has deep roots that go back to the know-how of the district of Carpi (Modena \u2013 Italy) and the passing on of knowledge between generations, specifically to 1975 with the Bergianti family's activity, which initially produces knitwear and then becomes a specialist in finished garments for private labels. In 1990, with the entry into the company of the daughter Monica, quality control and logistics were added.<br \/>\nThe idea of a brand and a lifestyle dedicated to linen born in 2007: Luca Pagliani leaves from a successful company of which he was a partner and creates the brand laFABBRICAdelLINO, for a home couture collection that his wife Monica Bergianti immediately decides to produce. It\u2019s the dawn of a unique reality, founded on the balance between innovation and tradition, on total respect for the environment and on made in Italy.<br \/>\nWhat comes out from the Fabbrica is 100% natural, environmentally friendly and functional, in fact, it is not necessary to iron it thanks to the soft touch finish that makes it naturally creased. Furthermore, garment dyeing with hypoallergenic vegetable substances guarantees a unique and completely sustainable colour rendering.<\/p>\n<\/div>\n<\/div><\/div><\/div><\/div><\/div><div id=\"pgc-1594-1-1\"  class=\"panel-grid-cell\" ><div class=\"panel-cell-style panel-cell-style-for-1594-1-1\" ><div id=\"panel-1594-1-1-0\" class=\"so-panel widget widget_media_image panel-first-child panel-last-child\" data-index=\"2\" ><div class=\"center_img panel-widget-style panel-widget-style-for-1594-1-1-0\" ><img loading=\"lazy\" decoding=\"async\" width=\"1200\" height=\"1599\" src=\"https:\/\/www.lfdl.it\/wp-content\/uploads\/2018\/03\/Luca_Monica.jpg\" class=\"image wp-image-1462  attachment-full size-full\" alt=\"\" style=\"max-width: 100%; height: auto;\" srcset=\"https:\/\/www.lfdl.it\/wp-content\/uploads\/2018\/03\/Luca_Monica.jpg 1200w, https:\/\/www.lfdl.it\/wp-content\/uploads\/2018\/03\/Luca_Monica-225x300.jpg 225w, https:\/\/www.lfdl.it\/wp-content\/uploads\/2018\/03\/Luca_Monica-768x1024.jpg 768w\" sizes=\"(max-width: 1200px) 100vw, 1200px\" \/><\/div><\/div><\/div><\/div><\/div><\/div><div id=\"pg-1594-2\"  class=\"panel-grid panel-has-style\" ><div class=\"relative about-us panel-row-style panel-row-style-for-1594-2\" ><div id=\"pgc-1594-2-0\"  class=\"panel-grid-cell\" ><div class=\"relative panel-cell-style panel-cell-style-for-1594-2-0\" ><div id=\"panel-1594-2-0-0\" class=\"so-panel widget widget_media_image panel-first-child panel-last-child\" data-index=\"3\" ><div class=\"center_img panel-widget-style panel-widget-style-for-1594-2-0-0\" ><img loading=\"lazy\" decoding=\"async\" width=\"1200\" height=\"1599\" src=\"https:\/\/www.lfdl.it\/wp-content\/uploads\/2018\/03\/Luca_Monica.jpg\" class=\"image wp-image-1462  attachment-full size-full\" alt=\"\" style=\"max-width: 100%; height: auto;\" srcset=\"https:\/\/www.lfdl.it\/wp-content\/uploads\/2018\/03\/Luca_Monica.jpg 1200w, https:\/\/www.lfdl.it\/wp-content\/uploads\/2018\/03\/Luca_Monica-225x300.jpg 225w, https:\/\/www.lfdl.it\/wp-content\/uploads\/2018\/03\/Luca_Monica-768x1024.jpg 768w\" sizes=\"(max-width: 1200px) 100vw, 1200px\" \/><\/div><\/div><\/div><\/div><div id=\"pgc-1594-2-1\"  class=\"panel-grid-cell\" ><div class=\"panel-cell-style panel-cell-style-for-1594-2-1\" ><div id=\"panel-1594-2-1-0\" class=\"so-panel widget widget_sow-editor panel-first-child panel-last-child\" data-index=\"4\" ><div class=\"the-company-right-txt center_vertical panel-widget-style panel-widget-style-for-1594-2-1-0\" ><div\n\t\t\t\n\t\t\tclass=\"so-widget-sow-editor so-widget-sow-editor-base\"\n\t\t\t\n\t\t>\n<div class=\"siteorigin-widget-tinymce textwidget\">\n\t<h4 class=\"title_underline\">History<\/h4>\n<p>Time inside the Fabbrica goes to the rhythm of craftsmanship, passion for well-made things, and that all-Italian competence for the textile sector. The company's history has deep roots that go back to the know-how of the district of Carpi (Modena \u2013 Italy) and the passing on of knowledge between generations, specifically to 1975 with the Bergianti family's activity, which initially produces knitwear and then becomes a specialist in finished garments for private labels. In 1990, with the entry into the company of the daughter Monica, quality control and logistics were added.<br \/>\nThe idea of a brand and a lifestyle dedicated to linen born in 2007: Luca Pagliani leaves from a successful company of which he was a partner and creates the brand laFABBRICAdelLINO, for a home couture collection that his wife Monica Bergianti immediately decides to produce. It\u2019s the dawn of a unique reality, founded on the balance between innovation and tradition, on total respect for the environment and on made in Italy.<br \/>\nWhat comes out from the Fabbrica is 100% natural, environmentally friendly and functional, in fact, it is not necessary to iron it thanks to the soft touch finish that makes it naturally creased. Furthermore, garment dyeing with hypoallergenic vegetable substances guarantees a unique and completely sustainable colour rendering.<\/p>\n<\/div>\n<\/div><\/div><\/div><\/div><\/div><\/div><\/div><div id=\"pg-1594-3\"  class=\"panel-grid panel-has-style\" ><div class=\"full relative panel-row-style panel-row-style-for-1594-3\" ><div id=\"pgc-1594-3-0\"  class=\"panel-grid-cell\" ><div id=\"panel-1594-3-0-0\" class=\"so-panel widget widget_media_image panel-first-child panel-last-child\" data-index=\"5\" ><div class=\"flower_bottom panel-widget-style panel-widget-style-for-1594-3-0-0\" ><img loading=\"lazy\" decoding=\"async\" width=\"289\" height=\"447\" src=\"https:\/\/www.lfdl.it\/wp-content\/uploads\/2018\/03\/Bitmap-Copy.png\" class=\"image wp-image-1075  attachment-full size-full\" alt=\"\" style=\"max-width: 100%; height: auto;\" srcset=\"https:\/\/www.lfdl.it\/wp-content\/uploads\/2018\/03\/Bitmap-Copy.png 289w, https:\/\/www.lfdl.it\/wp-content\/uploads\/2018\/03\/Bitmap-Copy-194x300.png 194w\" sizes=\"(max-width: 289px) 100vw, 289px\" \/><\/div><\/div><\/div><div id=\"pgc-1594-3-1\"  class=\"panel-grid-cell\" ><div id=\"panel-1594-3-1-0\" class=\"so-panel widget widget_media_image panel-first-child panel-last-child\" data-index=\"6\" ><div class=\"flower_top panel-widget-style panel-widget-style-for-1594-3-1-0\" ><img loading=\"lazy\" decoding=\"async\" width=\"434\" height=\"687\" src=\"https:\/\/www.lfdl.it\/wp-content\/uploads\/2018\/03\/Bitmap.png\" class=\"image wp-image-1072  attachment-full size-full\" alt=\"\" style=\"max-width: 100%; height: auto;\" srcset=\"https:\/\/www.lfdl.it\/wp-content\/uploads\/2018\/03\/Bitmap.png 434w, https:\/\/www.lfdl.it\/wp-content\/uploads\/2018\/03\/Bitmap-190x300.png 190w\" sizes=\"(max-width: 434px) 100vw, 434px\" \/><\/div><\/div><\/div><\/div><\/div><div id=\"pg-1594-4\"  class=\"panel-grid panel-has-style\" ><div class=\"relative panel-row-style panel-row-style-for-1594-4\" ><div id=\"pgc-1594-4-0\"  class=\"panel-grid-cell\" ><div class=\"panel-cell-style panel-cell-style-for-1594-4-0\" ><div id=\"panel-1594-4-0-0\" class=\"so-panel widget widget_sow-editor panel-first-child panel-last-child\" data-index=\"7\" ><div class=\"the-company-left-txt  center_vertical panel-widget-style panel-widget-style-for-1594-4-0-0\" ><div\n\t\t\t\n\t\t\tclass=\"so-widget-sow-editor so-widget-sow-editor-base\"\n\t\t\t\n\t\t>\n<div class=\"siteorigin-widget-tinymce textwidget\">\n\t<p>Nel 2008 nasce la linea di abbigliamento, identificata con la sigla LFDL, che nel corso del tempo si colloca in un comparto premium: all\u2019inizio \u00e8 costituita da pochi pezzi, in particolare pigiami e copricostumi che riscuotono un grande successo; poi la collezione si arricchisce e diventa completa con capi prevalentemente in lino, eleganti e pratici, dedicati alla donna e all\u2019uomo. Nasce poi una collezione autunno-inverno con il logo LFDL laFABBRICAdellaLANA in cui il focus \u00e8 sempre su materiali naturali e pregiati, e dove la lana \u00e8 grande protagonista.<br \/>\nOggi questa realt\u00e0 poliedrica serve pi\u00f9 di 400 boutique di abbigliamento e 450 negozi di tessile casa distribuiti in venti stati nel mondo. Il fatturato proviene per il 33% dall'estero, di cui met\u00e0 in Europa e met\u00e0 Extra UE. Il primo mercato di riferimento dopo l'Italia, infatti, \u00e8 la Russia. L\u2019azienda \u00e8 certificata EAC, Euro1 e Masters of Linen.<\/p>\n<\/div>\n<\/div><\/div><\/div><\/div><\/div><div id=\"pgc-1594-4-1\"  class=\"panel-grid-cell\" ><div class=\"panel-cell-style panel-cell-style-for-1594-4-1\" ><div id=\"panel-1594-4-1-0\" class=\"so-panel widget widget_media_image panel-first-child panel-last-child\" data-index=\"8\" ><div class=\"center_img panel-widget-style panel-widget-style-for-1594-4-1-0\" ><img loading=\"lazy\" decoding=\"async\" width=\"800\" height=\"1123\" src=\"https:\/\/www.lfdl.it\/wp-content\/uploads\/2018\/03\/lfdl-about-02.jpg\" class=\"image wp-image-891  attachment-full size-full\" alt=\"\" style=\"max-width: 100%; height: auto;\" srcset=\"https:\/\/www.lfdl.it\/wp-content\/uploads\/2018\/03\/lfdl-about-02.jpg 800w, https:\/\/www.lfdl.it\/wp-content\/uploads\/2018\/03\/lfdl-about-02-214x300.jpg 214w, https:\/\/www.lfdl.it\/wp-content\/uploads\/2018\/03\/lfdl-about-02-768x1078.jpg 768w, https:\/\/www.lfdl.it\/wp-content\/uploads\/2018\/03\/lfdl-about-02-729x1024.jpg 729w\" sizes=\"(max-width: 800px) 100vw, 800px\" \/><\/div><\/div><\/div><\/div><\/div><\/div><div id=\"pg-1594-5\"  class=\"panel-grid panel-has-style\" ><div class=\"relative video-row panel-row-style panel-row-style-for-1594-5\" ><div id=\"pgc-1594-5-0\"  class=\"panel-grid-cell\" ><div id=\"panel-1594-5-0-0\" class=\"so-panel widget widget_siteorigin-panels-postloop panel-first-child\" data-index=\"9\" >\n<div class=\"open_video\">\n  <iframe loading=\"lazy\" src=\"https:\/\/www.youtube.com\/embed\/MUZyFmz7XSA?rel=0&controls=1&showinfo=0\" width=\"100%\" height=\"100%\" frameborder=\"0\" webkitallowfullscreen mozallowfullscreen allowfullscreen><\/iframe>\n          <a href=\"#\" class=\"close_video\"><img decoding=\"async\" src=\"http:\/\/www.lfdl.it\/wp-content\/themes\/fdl-theme\/library\/images\/close.svg\" \/><\/a>\n<\/div>\n<\/div><div id=\"panel-1594-5-0-1\" class=\"so-panel widget widget_media_image\" data-index=\"10\" ><div class=\"t_center panel-widget-style panel-widget-style-for-1594-5-0-1\" ><img loading=\"lazy\" decoding=\"async\" width=\"1920\" height=\"1152\" src=\"https:\/\/www.lfdl.it\/wp-content\/uploads\/2018\/03\/lfdl-about-03-1-1.jpg\" class=\"image wp-image-1312  attachment-full size-full\" alt=\"\" style=\"max-width: 100%; height: auto;\" srcset=\"https:\/\/www.lfdl.it\/wp-content\/uploads\/2018\/03\/lfdl-about-03-1-1.jpg 1920w, https:\/\/www.lfdl.it\/wp-content\/uploads\/2018\/03\/lfdl-about-03-1-1-300x180.jpg 300w, https:\/\/www.lfdl.it\/wp-content\/uploads\/2018\/03\/lfdl-about-03-1-1-768x461.jpg 768w, https:\/\/www.lfdl.it\/wp-content\/uploads\/2018\/03\/lfdl-about-03-1-1-1024x614.jpg 1024w\" sizes=\"(max-width: 1920px) 100vw, 1920px\" \/><\/div><\/div><div id=\"panel-1594-5-0-2\" class=\"so-panel widget widget_sow-editor panel-last-child\" data-index=\"11\" ><div class=\"center panel-widget-style panel-widget-style-for-1594-5-0-2\" ><div\n\t\t\t\n\t\t\tclass=\"so-widget-sow-editor so-widget-sow-editor-base\"\n\t\t\t\n\t\t>\n<div class=\"siteorigin-widget-tinymce textwidget\">\n\t<\/div>\n<\/div><\/div><\/div><\/div><\/div><\/div><\/div>","protected":false},"excerpt":{"rendered":"<p>THE COMPANY Storia Il tempo scandito all\u2019interno della Fabbrica va al ritmo dell\u2019artigianalit\u00e0, della passione per le cose ben fatte, di quella competenza tutta italiana per il settore tessile di qualit\u00e0. La storia dell\u2019azienda ha radici profonde che risalgono al<\/p>\n","protected":false},"author":3,"featured_media":0,"parent":0,"menu_order":0,"comment_status":"closed","ping_status":"closed","template":"","meta":{"footnotes":""},"yoast_head":"<!-- This site is optimized with the Yoast SEO plugin v22.4 - https:\/\/yoast.com\/wordpress\/plugins\/seo\/ -->\n<title>The Company - LFDL<\/title>\n<meta name=\"robots\" content=\"index, follow, max-snippet:-1, max-image-preview:large, max-video-preview:-1\" \/>\n<link rel=\"canonical\" href=\"https:\/\/www.lfdl.it\/en\/the-company\/\" \/>\n<meta property=\"og:locale\" content=\"en_US\" \/>\n<meta property=\"og:type\" content=\"article\" \/>\n<meta property=\"og:title\" content=\"The Company - LFDL\" \/>\n<meta property=\"og:description\" content=\"THE COMPANY Storia Il tempo scandito all\u2019interno della Fabbrica va al ritmo dell\u2019artigianalit\u00e0, della passione per le cose ben fatte, di quella competenza tutta italiana per il settore tessile di qualit\u00e0. La storia dell\u2019azienda ha radici profonde che risalgono al\" \/>\n<meta property=\"og:url\" content=\"https:\/\/www.lfdl.it\/en\/the-company\/\" \/>\n<meta property=\"og:site_name\" content=\"LFDL\" \/>\n<meta property=\"article:modified_time\" content=\"2019-05-14T14:20:46+00:00\" \/>\n<meta name=\"twitter:card\" content=\"summary_large_image\" \/>\n<meta name=\"twitter:label1\" content=\"Est. reading time\" \/>\n\t<meta name=\"twitter:data1\" content=\"3 minutes\" \/>\n<script type=\"application\/ld+json\" class=\"yoast-schema-graph\">{\"@context\":\"https:\/\/schema.org\",\"@graph\":[{\"@type\":\"WebPage\",\"@id\":\"https:\/\/www.lfdl.it\/en\/the-company\/\",\"url\":\"https:\/\/www.lfdl.it\/en\/the-company\/\",\"name\":\"The Company - LFDL\",\"isPartOf\":{\"@id\":\"https:\/\/www.lfdl.it\/en\/#website\"},\"datePublished\":\"2018-03-29T08:43:50+00:00\",\"dateModified\":\"2019-05-14T14:20:46+00:00\",\"breadcrumb\":{\"@id\":\"https:\/\/www.lfdl.it\/en\/the-company\/#breadcrumb\"},\"inLanguage\":\"en-US\",\"potentialAction\":[{\"@type\":\"ReadAction\",\"target\":[\"https:\/\/www.lfdl.it\/en\/the-company\/\"]}]},{\"@type\":\"BreadcrumbList\",\"@id\":\"https:\/\/www.lfdl.it\/en\/the-company\/#breadcrumb\",\"itemListElement\":[{\"@type\":\"ListItem\",\"position\":1,\"name\":\"Home\",\"item\":\"https:\/\/www.lfdl.it\/en\/\"},{\"@type\":\"ListItem\",\"position\":2,\"name\":\"The Company\"}]},{\"@type\":\"WebSite\",\"@id\":\"https:\/\/www.lfdl.it\/en\/#website\",\"url\":\"https:\/\/www.lfdl.it\/en\/\",\"name\":\"LFDL\",\"description\":\"\",\"publisher\":{\"@id\":\"https:\/\/www.lfdl.it\/en\/#organization\"},\"potentialAction\":[{\"@type\":\"SearchAction\",\"target\":{\"@type\":\"EntryPoint\",\"urlTemplate\":\"https:\/\/www.lfdl.it\/en\/?s={search_term_string}\"},\"query-input\":\"required name=search_term_string\"}],\"inLanguage\":\"en-US\"},{\"@type\":\"Organization\",\"@id\":\"https:\/\/www.lfdl.it\/en\/#organization\",\"name\":\"LFDL\",\"url\":\"https:\/\/www.lfdl.it\/en\/\",\"logo\":{\"@type\":\"ImageObject\",\"inLanguage\":\"en-US\",\"@id\":\"https:\/\/www.lfdl.it\/en\/#\/schema\/logo\/image\/\",\"url\":\"https:\/\/www.lfdl.it\/wp-content\/uploads\/2020\/02\/logo-lfdl.png\",\"contentUrl\":\"https:\/\/www.lfdl.it\/wp-content\/uploads\/2020\/02\/logo-lfdl.png\",\"width\":600,\"height\":300,\"caption\":\"LFDL\"},\"image\":{\"@id\":\"https:\/\/www.lfdl.it\/en\/#\/schema\/logo\/image\/\"}}]}<\/script>\n<!-- \/ Yoast SEO plugin. -->","yoast_head_json":{"title":"The Company - LFDL","robots":{"index":"index","follow":"follow","max-snippet":"max-snippet:-1","max-image-preview":"max-image-preview:large","max-video-preview":"max-video-preview:-1"},"canonical":"https:\/\/www.lfdl.it\/en\/the-company\/","og_locale":"en_US","og_type":"article","og_title":"The Company - LFDL","og_description":"THE COMPANY Storia Il tempo scandito all\u2019interno della Fabbrica va al ritmo dell\u2019artigianalit\u00e0, della passione per le cose ben fatte, di quella competenza tutta italiana per il settore tessile di qualit\u00e0. La storia dell\u2019azienda ha radici profonde che risalgono al","og_url":"https:\/\/www.lfdl.it\/en\/the-company\/","og_site_name":"LFDL","article_modified_time":"2019-05-14T14:20:46+00:00","twitter_card":"summary_large_image","twitter_misc":{"Est. reading time":"3 minutes"},"schema":{"@context":"https:\/\/schema.org","@graph":[{"@type":"WebPage","@id":"https:\/\/www.lfdl.it\/en\/the-company\/","url":"https:\/\/www.lfdl.it\/en\/the-company\/","name":"The Company - LFDL","isPartOf":{"@id":"https:\/\/www.lfdl.it\/en\/#website"},"datePublished":"2018-03-29T08:43:50+00:00","dateModified":"2019-05-14T14:20:46+00:00","breadcrumb":{"@id":"https:\/\/www.lfdl.it\/en\/the-company\/#breadcrumb"},"inLanguage":"en-US","potentialAction":[{"@type":"ReadAction","target":["https:\/\/www.lfdl.it\/en\/the-company\/"]}]},{"@type":"BreadcrumbList","@id":"https:\/\/www.lfdl.it\/en\/the-company\/#breadcrumb","itemListElement":[{"@type":"ListItem","position":1,"name":"Home","item":"https:\/\/www.lfdl.it\/en\/"},{"@type":"ListItem","position":2,"name":"The Company"}]},{"@type":"WebSite","@id":"https:\/\/www.lfdl.it\/en\/#website","url":"https:\/\/www.lfdl.it\/en\/","name":"LFDL","description":"","publisher":{"@id":"https:\/\/www.lfdl.it\/en\/#organization"},"potentialAction":[{"@type":"SearchAction","target":{"@type":"EntryPoint","urlTemplate":"https:\/\/www.lfdl.it\/en\/?s={search_term_string}"},"query-input":"required name=search_term_string"}],"inLanguage":"en-US"},{"@type":"Organization","@id":"https:\/\/www.lfdl.it\/en\/#organization","name":"LFDL","url":"https:\/\/www.lfdl.it\/en\/","logo":{"@type":"ImageObject","inLanguage":"en-US","@id":"https:\/\/www.lfdl.it\/en\/#\/schema\/logo\/image\/","url":"https:\/\/www.lfdl.it\/wp-content\/uploads\/2020\/02\/logo-lfdl.png","contentUrl":"https:\/\/www.lfdl.it\/wp-content\/uploads\/2020\/02\/logo-lfdl.png","width":600,"height":300,"caption":"LFDL"},"image":{"@id":"https:\/\/www.lfdl.it\/en\/#\/schema\/logo\/image\/"}}]}},"_links":{"self":[{"href":"https:\/\/www.lfdl.it\/en\/wp-json\/wp\/v2\/pages\/1594"}],"collection":[{"href":"https:\/\/www.lfdl.it\/en\/wp-json\/wp\/v2\/pages"}],"about":[{"href":"https:\/\/www.lfdl.it\/en\/wp-json\/wp\/v2\/types\/page"}],"author":[{"embeddable":true,"href":"https:\/\/www.lfdl.it\/en\/wp-json\/wp\/v2\/users\/3"}],"replies":[{"embeddable":true,"href":"https:\/\/www.lfdl.it\/en\/wp-json\/wp\/v2\/comments?post=1594"}],"version-history":[{"count":6,"href":"https:\/\/www.lfdl.it\/en\/wp-json\/wp\/v2\/pages\/1594\/revisions"}],"predecessor-version":[{"id":3808,"href":"https:\/\/www.lfdl.it\/en\/wp-json\/wp\/v2\/pages\/1594\/revisions\/3808"}],"wp:attachment":[{"href":"https:\/\/www.lfdl.it\/en\/wp-json\/wp\/v2\/media?parent=1594"}],"curies":[{"name":"wp","href":"https:\/\/api.w.org\/{rel}","templated":true}]}}